{"id":5050,"date":"2019-11-28T13:55:32","date_gmt":"2019-11-28T12:55:32","guid":{"rendered":"https:\/\/sports-promotion.milkydesign.ch\/reglement-circuit-de-sports-promotion-sarl\/"},"modified":"2019-12-07T16:52:50","modified_gmt":"2019-12-07T15:52:50","slug":"reglement-circuit-de-sports-promotion-sarl","status":"publish","type":"page","link":"https:\/\/sports-promotion.milkydesign.ch\/en\/reglement-circuit-de-sports-promotion-sarl\/","title":{"rendered":"Regulations"},"content":{"rendered":"<section class=\"l-section wpb_row height_large with_img\"><div class=\"l-section-img\" style=\"background-image: url(https:\/\/sports-promotion.milkydesign.ch\/wp-content\/uploads\/2019\/11\/circuit-espagne.jpg);\" data-img-width=\"1920\" data-img-height=\"600\"><\/div><div class=\"l-section-h i-cf\"><div class=\"g-cols vc_row via_flex valign_top type_default stacking_default\"><div class=\"vc_col-sm-12 wpb_column vc_column_container\"><div class=\"vc_column-inner\"><div class=\"wpb_wrapper\"><div class=\"wpb_text_column\"><div class=\"wpb_wrapper\"><h1 class=\"title\">Regulations<\/h1>\n<\/div><\/div><\/div><\/div><\/div><\/div><\/div><\/section><section class=\"l-section wpb_row height_custom\"><div class=\"l-section-h i-cf\"><div class=\"g-cols vc_row via_flex valign_top type_default stacking_default\"><div class=\"vc_col-sm-12 wpb_column vc_column_container\"><div class=\"vc_column-inner\"><div class=\"wpb_wrapper\"><div class=\"wpb_text_column\"><div class=\"wpb_wrapper\"><header>\n<h1 class=\"title\"><span style=\"font-size: 22px; letter-spacing: 0em;\">Terms and conditions<\/span><\/h1>\n<\/header>\n<div class=\"content clearfix\">\n<p>The free practice days have not timing nor classification.<\/p>\n<p>Lost time for each intervention after an accident is not recoverable.<\/p>\n<p>Any vehicle on the track during the days must be insured (Liability insurance for racing vehicles without vehicle registration card &#8211; grey card).<\/p>\n<p>The day is non-refundable in case of cancellation by the driver (between 30 and 15 days before the event: 50% of the commitment will be retained by the organizer \/ less than 2 weeks, 15 days, before the event: non-refundable).<\/p>\n<p>Vehicles with noise level not in accordance with the circuit regulation may be excluded from participation.<\/p>\n<p><a href=\"https:\/\/sports-promotion.milkydesign.ch\/images\/sportspromotion_abandon-recours_10.01.15GR.pdf\"><strong>All drivers and passengers must sign a waiver (only in French)<\/strong><\/a><\/p>\n<p>&nbsp;<\/p>\n<hr class=\"dotted\" \/>\n<h5><strong>Safety rules<\/strong><\/h5>\n<p>The participant agrees to attend the mandatory safety briefing. In case of late arrival the participant must report to the organizer of the day and attend an individual safety briefing before entering the track.<\/p>\n<p>All vehicles must be in good condition (body, mechanics, brakes, shock absorbers, etc&#8230;).<\/p>\n<p>Windows and sunroof must be closed. No passengers are allowed in the back of a Tourism GT vehicle.<\/p>\n<p>On\u00a0the circuit drivers and passengers must wear the safety belt, helmet and suitable clothing (covering entire body and fireproof suit for race cars).<\/p>\n<p>Drivers will respect the flags.<\/p>\n<p>Drivers should regularly look in their mirrors to see if someone wants to overtake.<\/p>\n<p>The slowest driver keeps its path and the competitor overtakes in safe conditions.<\/p>\n<p>The driver should always drive slowly in the pits lane as well as in the Paddock.<\/p>\n<p>It is forbidden to zigzag on the track.<\/p>\n<p>It is forbidden to take shortcuts, to reverse, to make U-turn, to drive the opposite way on the circuit. It is forbidden to take the track entrance contra flow, to ride on roadsides, to stop on the track, except in case of force majeure.<\/p>\n<p>In case of mechanical failure, stop on the roadside, out of the way and in a safe place and obey the instructions given by the marshals.<\/p>\n<p>Drifting is forbidden.<\/p>\n<p>When a vehicle goes off the track and needs an intervention nobody is authorized to access the circuit besides the track staff, unless prior agreement.<\/p>\n<p>When a pilot goes off the track, he must follow the marshals\u2019 instructions.<\/p>\n<hr class=\"dotted\" \/>\n<h5><strong>Material damage and accidents<\/strong><\/h5>\n<p>In case of accident, should the driver have any doubts about his health, he must stay still and wait for help without moving.<\/p>\n<p>In case of property damage following a crash, the pilot must pay the damages done (safety rail, stacked tires, fire extinguisher, etc&#8230;) to the circuit infrastructure.<\/p>\n<p>In case of material damage to vehicles caused between participants, the organizer will not take position on the settlement of any dispute whatsoever, leaving the protagonists to agree as adults and responsible persons.<\/p>\n<p>Any driver is civilly and criminally liable for physical injury and material damage that he may cause.<\/p>\n<hr class=\"dotted\" \/>\n<h5><strong>Sanctions<\/strong><\/h5>\n<p>Any damage to the image and disrespect against the organizer, other drivers, circuit\u2019s employees and its management may be sanctioned.<\/p>\n<p>Anyone not complying with these policies or with a dangerous and unsuitable behaviour will be excluded from the circuit with no refund.<\/p>\n<p>In case of dispute, the French version of these Terms and Conditions shall be considered as the reference.<\/p>\n<p><a href=\"https:\/\/sports-promotion.milkydesign.ch\/wp-content\/uploads\/2019\/11\/Reglement-Sports-Promotion.pdf\">Download regulations (PDF only in French)<\/a><\/p>\n<p>la version fran\u00e7aise du pr\u00e9sent r\u00e8glement qui fera office de r\u00e9f\u00e9rence.<\/p>\n<p>&nbsp;<\/p>\n<\/div>\n<\/div><\/div><\/div><\/div><\/div><\/div><\/div><\/section>\n","protected":false},"excerpt":{"rendered":"Regulations Terms and conditions The free practice days have not timing nor classification. Lost time for each intervention after an accident is not recoverable. Any vehicle on the track during the days must be insured (Liability insurance for racing vehicles without vehicle registration card &#8211; grey card). The day is non-refundable in case of cancellation...","protected":false},"author":2,"featured_media":0,"parent":0,"menu_order":0,"comment_status":"closed","ping_status":"closed","template":"","meta":{"_acf_changed":false,"_exactmetrics_skip_tracking":false,"_exactmetrics_sitenote_active":false,"_exactmetrics_sitenote_note":"","_exactmetrics_sitenote_category":0,"footnotes":""},"class_list":["post-5050","page","type-page","status-publish","hentry"],"acf":[],"yoast_head":"<!-- This site is optimized with the Yoast SEO plugin v26.4 - https:\/\/yoast.com\/wordpress\/plugins\/seo\/ -->\n<title>Regulations - Sports-Promotion<\/title>\n<meta name=\"robots\" content=\"index, follow, max-snippet:-1, max-image-preview:large, max-video-preview:-1\" \/>\n<link rel=\"canonical\" href=\"https:\/\/sports-promotion.milkydesign.ch\/en\/reglement-circuit-de-sports-promotion-sarl\/\" \/>\n<meta property=\"og:locale\" content=\"en_US\" \/>\n<meta property=\"og:type\" content=\"article\" \/>\n<meta property=\"og:title\" content=\"Regulations - Sports-Promotion\" \/>\n<meta property=\"og:url\" content=\"https:\/\/sports-promotion.milkydesign.ch\/en\/reglement-circuit-de-sports-promotion-sarl\/\" \/>\n<meta property=\"og:site_name\" content=\"Sports-Promotion\" \/>\n<meta property=\"article:modified_time\" content=\"2019-12-07T15:52:50+00:00\" \/>\n<meta name=\"twitter:card\" content=\"summary_large_image\" \/>\n<meta name=\"twitter:label1\" content=\"Est. reading time\" \/>\n\t<meta name=\"twitter:data1\" content=\"3 minutes\" \/>\n<script type=\"application\/ld+json\" class=\"yoast-schema-graph\">{\"@context\":\"https:\/\/schema.org\",\"@graph\":[{\"@type\":\"WebPage\",\"@id\":\"https:\/\/sports-promotion.milkydesign.ch\/en\/reglement-circuit-de-sports-promotion-sarl\/\",\"url\":\"https:\/\/sports-promotion.milkydesign.ch\/en\/reglement-circuit-de-sports-promotion-sarl\/\",\"name\":\"Regulations - Sports-Promotion\",\"isPartOf\":{\"@id\":\"https:\/\/sports-promotion.milkydesign.ch\/en\/#website\"},\"datePublished\":\"2019-11-28T12:55:32+00:00\",\"dateModified\":\"2019-12-07T15:52:50+00:00\",\"breadcrumb\":{\"@id\":\"https:\/\/sports-promotion.milkydesign.ch\/en\/reglement-circuit-de-sports-promotion-sarl\/#breadcrumb\"},\"inLanguage\":\"en-US\",\"potentialAction\":[{\"@type\":\"ReadAction\",\"target\":[\"https:\/\/sports-promotion.milkydesign.ch\/en\/reglement-circuit-de-sports-promotion-sarl\/\"]}]},{\"@type\":\"BreadcrumbList\",\"@id\":\"https:\/\/sports-promotion.milkydesign.ch\/en\/reglement-circuit-de-sports-promotion-sarl\/#breadcrumb\",\"itemListElement\":[{\"@type\":\"ListItem\",\"position\":1,\"name\":\"Accueil\",\"item\":\"https:\/\/sports-promotion.milkydesign.ch\/en\/\"},{\"@type\":\"ListItem\",\"position\":2,\"name\":\"Regulations\"}]},{\"@type\":\"WebSite\",\"@id\":\"https:\/\/sports-promotion.milkydesign.ch\/en\/#website\",\"url\":\"https:\/\/sports-promotion.milkydesign.ch\/en\/\",\"name\":\"Sports-Promotion\",\"description\":\"Christophe Hurni\",\"publisher\":{\"@id\":\"https:\/\/sports-promotion.milkydesign.ch\/en\/#organization\"},\"potentialAction\":[{\"@type\":\"SearchAction\",\"target\":{\"@type\":\"EntryPoint\",\"urlTemplate\":\"https:\/\/sports-promotion.milkydesign.ch\/en\/?s={search_term_string}\"},\"query-input\":{\"@type\":\"PropertyValueSpecification\",\"valueRequired\":true,\"valueName\":\"search_term_string\"}}],\"inLanguage\":\"en-US\"},{\"@type\":\"Organization\",\"@id\":\"https:\/\/sports-promotion.milkydesign.ch\/en\/#organization\",\"name\":\"Sports Promotion\",\"url\":\"https:\/\/sports-promotion.milkydesign.ch\/en\/\",\"logo\":{\"@type\":\"ImageObject\",\"inLanguage\":\"en-US\",\"@id\":\"https:\/\/sports-promotion.milkydesign.ch\/en\/#\/schema\/logo\/image\/\",\"url\":\"https:\/\/sports-promotion.milkydesign.ch\/wp-content\/uploads\/2019\/11\/logo-neuchatel-christophe-hurni-haut.png\",\"contentUrl\":\"https:\/\/sports-promotion.milkydesign.ch\/wp-content\/uploads\/2019\/11\/logo-neuchatel-christophe-hurni-haut.png\",\"width\":959,\"height\":314,\"caption\":\"Sports Promotion\"},\"image\":{\"@id\":\"https:\/\/sports-promotion.milkydesign.ch\/en\/#\/schema\/logo\/image\/\"}}]}<\/script>\n<!-- \/ Yoast SEO plugin. -->","yoast_head_json":{"title":"Regulations - Sports-Promotion","robots":{"index":"index","follow":"follow","max-snippet":"max-snippet:-1","max-image-preview":"max-image-preview:large","max-video-preview":"max-video-preview:-1"},"canonical":"https:\/\/sports-promotion.milkydesign.ch\/en\/reglement-circuit-de-sports-promotion-sarl\/","og_locale":"en_US","og_type":"article","og_title":"Regulations - Sports-Promotion","og_url":"https:\/\/sports-promotion.milkydesign.ch\/en\/reglement-circuit-de-sports-promotion-sarl\/","og_site_name":"Sports-Promotion","article_modified_time":"2019-12-07T15:52:50+00:00","twitter_card":"summary_large_image","twitter_misc":{"Est. reading time":"3 minutes"},"schema":{"@context":"https:\/\/schema.org","@graph":[{"@type":"WebPage","@id":"https:\/\/sports-promotion.milkydesign.ch\/en\/reglement-circuit-de-sports-promotion-sarl\/","url":"https:\/\/sports-promotion.milkydesign.ch\/en\/reglement-circuit-de-sports-promotion-sarl\/","name":"Regulations - Sports-Promotion","isPartOf":{"@id":"https:\/\/sports-promotion.milkydesign.ch\/en\/#website"},"datePublished":"2019-11-28T12:55:32+00:00","dateModified":"2019-12-07T15:52:50+00:00","breadcrumb":{"@id":"https:\/\/sports-promotion.milkydesign.ch\/en\/reglement-circuit-de-sports-promotion-sarl\/#breadcrumb"},"inLanguage":"en-US","potentialAction":[{"@type":"ReadAction","target":["https:\/\/sports-promotion.milkydesign.ch\/en\/reglement-circuit-de-sports-promotion-sarl\/"]}]},{"@type":"BreadcrumbList","@id":"https:\/\/sports-promotion.milkydesign.ch\/en\/reglement-circuit-de-sports-promotion-sarl\/#breadcrumb","itemListElement":[{"@type":"ListItem","position":1,"name":"Accueil","item":"https:\/\/sports-promotion.milkydesign.ch\/en\/"},{"@type":"ListItem","position":2,"name":"Regulations"}]},{"@type":"WebSite","@id":"https:\/\/sports-promotion.milkydesign.ch\/en\/#website","url":"https:\/\/sports-promotion.milkydesign.ch\/en\/","name":"Sports-Promotion","description":"Christophe Hurni","publisher":{"@id":"https:\/\/sports-promotion.milkydesign.ch\/en\/#organization"},"potentialAction":[{"@type":"SearchAction","target":{"@type":"EntryPoint","urlTemplate":"https:\/\/sports-promotion.milkydesign.ch\/en\/?s={search_term_string}"},"query-input":{"@type":"PropertyValueSpecification","valueRequired":true,"valueName":"search_term_string"}}],"inLanguage":"en-US"},{"@type":"Organization","@id":"https:\/\/sports-promotion.milkydesign.ch\/en\/#organization","name":"Sports Promotion","url":"https:\/\/sports-promotion.milkydesign.ch\/en\/","logo":{"@type":"ImageObject","inLanguage":"en-US","@id":"https:\/\/sports-promotion.milkydesign.ch\/en\/#\/schema\/logo\/image\/","url":"https:\/\/sports-promotion.milkydesign.ch\/wp-content\/uploads\/2019\/11\/logo-neuchatel-christophe-hurni-haut.png","contentUrl":"https:\/\/sports-promotion.milkydesign.ch\/wp-content\/uploads\/2019\/11\/logo-neuchatel-christophe-hurni-haut.png","width":959,"height":314,"caption":"Sports Promotion"},"image":{"@id":"https:\/\/sports-promotion.milkydesign.ch\/en\/#\/schema\/logo\/image\/"}}]}},"_links":{"self":[{"href":"https:\/\/sports-promotion.milkydesign.ch\/en\/wp-json\/wp\/v2\/pages\/5050","targetHints":{"allow":["GET"]}}],"collection":[{"href":"https:\/\/sports-promotion.milkydesign.ch\/en\/wp-json\/wp\/v2\/pages"}],"about":[{"href":"https:\/\/sports-promotion.milkydesign.ch\/en\/wp-json\/wp\/v2\/types\/page"}],"author":[{"embeddable":true,"href":"https:\/\/sports-promotion.milkydesign.ch\/en\/wp-json\/wp\/v2\/users\/2"}],"replies":[{"embeddable":true,"href":"https:\/\/sports-promotion.milkydesign.ch\/en\/wp-json\/wp\/v2\/comments?post=5050"}],"version-history":[{"count":4,"href":"https:\/\/sports-promotion.milkydesign.ch\/en\/wp-json\/wp\/v2\/pages\/5050\/revisions"}],"predecessor-version":[{"id":5055,"href":"https:\/\/sports-promotion.milkydesign.ch\/en\/wp-json\/wp\/v2\/pages\/5050\/revisions\/5055"}],"wp:attachment":[{"href":"https:\/\/sports-promotion.milkydesign.ch\/en\/wp-json\/wp\/v2\/media?parent=5050"}],"curies":[{"name":"wp","href":"https:\/\/api.w.org\/{rel}","templated":true}]}}